{"id":6627,"date":"2021-06-25T11:10:50","date_gmt":"2021-06-25T09:10:50","guid":{"rendered":"https:\/\/optisoft.ch\/?page_id=6627"},"modified":"2021-09-27T19:01:43","modified_gmt":"2021-09-27T17:01:43","slug":"sur-nous","status":"publish","type":"page","link":"https:\/\/optisoft.ch\/fr\/sur-nous\/","title":{"rendered":"sur nous"},"content":{"rendered":"[vc_row type=\u00a0\u00bbfull_width_content\u00a0\u00bb full_screen_row_position=\u00a0\u00bbmiddle\u00a0\u00bb bg_color=\u00a0\u00bbrgba(48,56,59,0.1)\u00a0\u00bb scene_position=\u00a0\u00bbcenter\u00a0\u00bb text_color=\u00a0\u00bbdark\u00a0\u00bb text_align=\u00a0\u00bbleft\u00a0\u00bb class=\u00a0\u00bbmobileimage\u00a0\u00bb overlay_strength=\u00a0\u00bb0.3&Prime; shape_divider_position=\u00a0\u00bbbottom\u00a0\u00bb bg_image_animation=\u00a0\u00bbnone\u00a0\u00bb shape_type=\u00a0\u00bb\u00a0\u00bb][vc_column column_padding=\u00a0\u00bbno-extra-padding\u00a0\u00bb column_padding_position=\u00a0\u00bball\u00a0\u00bb background_color_opacity=\u00a0\u00bb1&Prime; background_hover_color_opacity=\u00a0\u00bb1&Prime; column_link_target=\u00a0\u00bb_self\u00a0\u00bb column_shadow=\u00a0\u00bbnone\u00a0\u00bb column_border_radius=\u00a0\u00bbnone\u00a0\u00bb width=\u00a0\u00bb1\/1&Prime; tablet_width_inherit=\u00a0\u00bbdefault\u00a0\u00bb tablet_text_alignment=\u00a0\u00bbdefault\u00a0\u00bb phone_text_alignment=\u00a0\u00bbdefault\u00a0\u00bb column_border_width=\u00a0\u00bbnone\u00a0\u00bb column_border_style=\u00a0\u00bbsolid\u00a0\u00bb bg_image_animation=\u00a0\u00bbnone\u00a0\u00bb][image_with_animation image_url=\u00a0\u00bb6583&Prime; alignment=\u00a0\u00bb\u00a0\u00bb animation=\u00a0\u00bbFade In\u00a0\u00bb border_radius=\u00a0\u00bbnone\u00a0\u00bb box_shadow=\u00a0\u00bbnone\u00a0\u00bb max_width=\u00a0\u00bb100%\u00a0\u00bb][\/vc_column][\/vc_row][vc_row type=\u00a0\u00bbfull_width_background\u00a0\u00bb full_screen_row_position=\u00a0\u00bbmiddle\u00a0\u00bb bg_image=\u00a0\u00bb5865&Prime; background_image_mobile_hidden=\u00a0\u00bbtrue\u00a0\u00bb bg_position=\u00a0\u00bbcenter center\u00a0\u00bb bg_repeat=\u00a0\u00bbno-repeat\u00a0\u00bb bg_color=\u00a0\u00bbrgba(48,56,59,0.1)\u00a0\u00bb scene_position=\u00a0\u00bbcenter\u00a0\u00bb text_color=\u00a0\u00bbdark\u00a0\u00bb text_align=\u00a0\u00bbleft\u00a0\u00bb top_padding=\u00a0\u00bb6%\u00a0\u00bb bottom_padding=\u00a0\u00bb6%\u00a0\u00bb class=\u00a0\u00bbhidebgmobile\u00a0\u00bb overlay_strength=\u00a0\u00bb0.3&Prime; shape_divider_position=\u00a0\u00bbbottom\u00a0\u00bb bg_image_animation=\u00a0\u00bbnone\u00a0\u00bb shape_type=\u00a0\u00bb\u00a0\u00bb][vc_column column_padding=\u00a0\u00bbno-extra-padding\u00a0\u00bb column_padding_position=\u00a0\u00bball\u00a0\u00bb background_color_opacity=\u00a0\u00bb1&Prime; background_hover_color_opacity=\u00a0\u00bb1&Prime; column_link_target=\u00a0\u00bb_self\u00a0\u00bb column_shadow=\u00a0\u00bbnone\u00a0\u00bb column_border_radius=\u00a0\u00bbnone\u00a0\u00bb width=\u00a0\u00bb1\/2&Prime; tablet_width_inherit=\u00a0\u00bbdefault\u00a0\u00bb tablet_text_alignment=\u00a0\u00bbdefault\u00a0\u00bb phone_text_alignment=\u00a0\u00bbdefault\u00a0\u00bb column_border_width=\u00a0\u00bbnone\u00a0\u00bb column_border_style=\u00a0\u00bbsolid\u00a0\u00bb bg_image_animation=\u00a0\u00bbnone\u00a0\u00bb][vc_column_text]\n<h1>Optisoft GmbH<\/h1>\n<p><strong>Une histoire \u00e0 succ\u00e8s \u00e0 Davos<\/strong><\/p>\n<p>Quel est le r\u00e9sultat lorsqu&rsquo;un d\u00e9veloppeur de logiciels ayant une l\u00e9g\u00e8re tendance au workaholisme ach\u00e8te un programme un peu d\u00e9pass\u00e9 ?<\/p>\n<p>A l\u2019\u00e2ge de 20 ans, Oliver Hunziker a fond\u00e9 avec Paul Petzold Mirus Software. Deux d\u00e9cennies plus tard, Mirus \u00e9tait le leader du march\u00e9 suisse des solutions logicielles pour les ressources humaines et les finances dans les secteurs de l&rsquo;h\u00f4tellerie, de la restauration et du tourisme. Pour Oliver Hunziker, le moment \u00e9tait venu de vendre sa part d\u2019action et de prendre un peu de repos.<\/p>\n<p>Le temps libre, c&rsquo;est bien beau, mais pour un bourreau du travail dans la force de l&rsquo;\u00e2ge, ce n&rsquo;est pas satisfaisant \u00e0 long terme. En 2015, Optisoft GmbH d&rsquo;Oliver Hunziker rach\u00e8te le produit Kochtopf et la base de clients de Carosoft. Quelques mises \u00e0 jour par ici, quelques extensions par-l\u00e0, c&rsquo;\u00e9tait le plan. Mais que faire si vous souhaitez r\u00e9pondre au plus grand nombre possible de besoins de vos clients ? en quelques ann\u00e9es, un logiciel permettant de planifier simplement des menus est devenu un produit permettant de g\u00e9rer num\u00e9riquement les processus entiers de la restauration : <strong>Pauli\u2019s Kitchen Solution<\/strong>. Le nom du produit n&rsquo;a pas \u00e9t\u00e9 choisi au hasard, mais refl\u00e8te la coop\u00e9ration avec la maison d\u2019\u00e9dition Pauli et les droits exclusifs sur des recettes du Pauli. Aujourd&rsquo;hui, le logiciel propose plus de 20 modules suppl\u00e9mentaires en plus du module de base. Gr\u00e2ce notamment \u00e0 la contribution de nos clients, de nouveaux domaines d&rsquo;activit\u00e9 sont constamment couverts. Entre-temps, toute une \u00e9quipe dans les domaines du d\u00e9veloppement, de la vente, du support et de l&rsquo;administration continue d&rsquo;\u00e9crire le succ\u00e8s story de Davos.[\/vc_column_text][\/vc_column][vc_column column_padding=\u00a0\u00bbno-extra-padding\u00a0\u00bb column_padding_position=\u00a0\u00bball\u00a0\u00bb background_color_opacity=\u00a0\u00bb1&Prime; background_hover_color_opacity=\u00a0\u00bb1&Prime; column_link_target=\u00a0\u00bb_self\u00a0\u00bb column_shadow=\u00a0\u00bbnone\u00a0\u00bb column_border_radius=\u00a0\u00bbnone\u00a0\u00bb width=\u00a0\u00bb1\/2&Prime; tablet_width_inherit=\u00a0\u00bbdefault\u00a0\u00bb tablet_text_alignment=\u00a0\u00bbdefault\u00a0\u00bb phone_text_alignment=\u00a0\u00bbdefault\u00a0\u00bb column_border_width=\u00a0\u00bbnone\u00a0\u00bb column_border_style=\u00a0\u00bbsolid\u00a0\u00bb bg_image_animation=\u00a0\u00bbnone\u00a0\u00bb][\/vc_column][\/vc_row][vc_row type=\u00a0\u00bbin_container\u00a0\u00bb full_screen_row_position=\u00a0\u00bbmiddle\u00a0\u00bb scene_position=\u00a0\u00bbcenter\u00a0\u00bb text_color=\u00a0\u00bbdark\u00a0\u00bb text_align=\u00a0\u00bbleft\u00a0\u00bb top_padding=\u00a0\u00bb6%\u00a0\u00bb bottom_padding=\u00a0\u00bb6%\u00a0\u00bb overlay_strength=\u00a0\u00bb0.3&Prime; shape_divider_position=\u00a0\u00bbbottom\u00a0\u00bb bg_image_animation=\u00a0\u00bbnone\u00a0\u00bb shape_type=\u00a0\u00bb\u00a0\u00bb][vc_column column_padding=\u00a0\u00bbno-extra-padding\u00a0\u00bb column_padding_position=\u00a0\u00bball\u00a0\u00bb background_color_opacity=\u00a0\u00bb1&Prime; background_hover_color_opacity=\u00a0\u00bb1&Prime; column_link_target=\u00a0\u00bb_self\u00a0\u00bb column_shadow=\u00a0\u00bbnone\u00a0\u00bb column_border_radius=\u00a0\u00bbnone\u00a0\u00bb width=\u00a0\u00bb1\/1&Prime; tablet_width_inherit=\u00a0\u00bbdefault\u00a0\u00bb tablet_text_alignment=\u00a0\u00bbdefault\u00a0\u00bb phone_text_alignment=\u00a0\u00bbdefault\u00a0\u00bb column_border_width=\u00a0\u00bbnone\u00a0\u00bb column_border_style=\u00a0\u00bbsolid\u00a0\u00bb bg_image_animation=\u00a0\u00bbnone\u00a0\u00bb][vc_column_text]\n<h2>Nous sommes l\u00e0 pour vous&#8230;<\/h2>\n<h3>L&rsquo;\u00c9QUIPE OPTISOFT<\/h3>\n[\/vc_column_text]<div class=\"team-wrap\"><div class=\"team-entry\"><img decoding=\"async\" src=\"https:\/\/optisoft.ch\/wp-content\/uploads\/2021\/08\/Oli-180_Bearbeitet.jpg\" alt=\"Oliver Hunziker\"><h5>Oliver Hunziker<\/h5><p class=\"funktion\">Directeur g\u00e9n\u00e9ral<\/p><p><a href=\"mailto:oliver.hunziker@optisoft.ch\" class=\"\">oliver.hunziker@optisoft.ch<\/a><\/p><\/div><div class=\"team-entry\"><img decoding=\"async\" src=\"https:\/\/optisoft.ch\/wp-content\/uploads\/2021\/08\/Oriano-neu-180-bearbeitet-1.jpg\" alt=\"Oriano Donati\"><h5>Oriano Donati<\/h5><p class=\"funktion\">Chef de produit<\/p><p><a href=\"mailto:oriano.donati@optisoft.ch\" class=\"\">oriano.donati@optisoft.ch<\/a><\/p><\/div><div class=\"team-entry\"><img decoding=\"async\" src=\"https:\/\/optisoft.ch\/wp-content\/uploads\/2020\/05\/Anthony.png\" alt=\"Anthony Dallenbach\"><h5>Anthony Dallenbach<\/h5><p class=\"funktion\">Distributeur agr\u00e9\u00e9 Optisoft<\/p><p><a href=\"mailto:anthony.dallenbach@optisoft.ch\" class=\"\">anthony.dallenbach@optisoft.ch<\/a><\/p><\/div><div class=\"team-entry\"><img decoding=\"async\" src=\"https:\/\/optisoft.ch\/wp-content\/uploads\/2021\/08\/Celine-180-bearbeitet.jpg\" alt=\"C\u00e9line Hausheer\"><h5>C\u00e9line Hausheer<\/h5><p class=\"funktion\">Administration<\/p><p><a href=\"mailto:celine.hausheer@optisoft.ch\" class=\"\">celine.hausheer@optisoft.ch<\/a><\/p><\/div><div class=\"team-entry\"><img decoding=\"async\" src=\"https:\/\/optisoft.ch\/wp-content\/uploads\/2021\/08\/Patricia-180_bearbeitet.jpg\" alt=\"Patricia Pachler\"><h5>Patricia Pachler<\/h5><p class=\"funktion\">Communication, Marketing<\/p><p><a href=\"mailto:patricia.pachler@optisoft.ch\" class=\"\">patricia.pachler@optisoft.ch<\/a><\/p><\/div><\/div>[\/vc_column][\/vc_row][vc_row type=\u00a0\u00bbin_container\u00a0\u00bb full_screen_row_position=\u00a0\u00bbmiddle\u00a0\u00bb scene_position=\u00a0\u00bbcenter\u00a0\u00bb text_color=\u00a0\u00bbdark\u00a0\u00bb text_align=\u00a0\u00bbleft\u00a0\u00bb disable_element=\u00a0\u00bbyes\u00a0\u00bb overlay_strength=\u00a0\u00bb0.3&Prime; shape_divider_position=\u00a0\u00bbbottom\u00a0\u00bb bg_image_animation=\u00a0\u00bbnone\u00a0\u00bb shape_type=\u00a0\u00bb\u00a0\u00bb][vc_column column_padding=\u00a0\u00bbno-extra-padding\u00a0\u00bb column_padding_position=\u00a0\u00bball\u00a0\u00bb background_color_opacity=\u00a0\u00bb1&Prime; background_hover_color_opacity=\u00a0\u00bb1&Prime; column_link_target=\u00a0\u00bb_self\u00a0\u00bb column_shadow=\u00a0\u00bbnone\u00a0\u00bb column_border_radius=\u00a0\u00bbnone\u00a0\u00bb width=\u00a0\u00bb1\/1&Prime; tablet_width_inherit=\u00a0\u00bbdefault\u00a0\u00bb tablet_text_alignment=\u00a0\u00bbdefault\u00a0\u00bb phone_text_alignment=\u00a0\u00bbdefault\u00a0\u00bb column_border_width=\u00a0\u00bbnone\u00a0\u00bb column_border_style=\u00a0\u00bbsolid\u00a0\u00bb bg_image_animation=\u00a0\u00bbnone\u00a0\u00bb][vc_column_text css=\u00a0\u00bb.vc_custom_1622446097206{margin-bottom: 60px !important;}\u00a0\u00bb]\n<h2>News<\/h2>\n<h3>Archiv<\/h3>\n[\/vc_column_text][recent_posts style=\u00a0\u00bbminimal\u00a0\u00bb category=\u00a0\u00bball\u00a0\u00bb columns=\u00a0\u00bb4&Prime; order=\u00a0\u00bbDESC\u00a0\u00bb orderby=\u00a0\u00bbdate\u00a0\u00bb blog_remove_post_comment_number=\u00a0\u00bbtrue\u00a0\u00bb blog_remove_post_nectar_love=\u00a0\u00bbtrue\u00a0\u00bb posts_per_page=\u00a0\u00bb-1&Prime;][\/vc_column][\/vc_row]\n","protected":false},"excerpt":{"rendered":"<p>[vc_row type=\u00a0\u00bbfull_width_content\u00a0\u00bb full_screen_row_position=\u00a0\u00bbmiddle\u00a0\u00bb bg_color=\u00a0\u00bbrgba(48,56,59,0.1)\u00a0\u00bb scene_position=\u00a0\u00bbcenter\u00a0\u00bb text_color=\u00a0\u00bbdark\u00a0\u00bb text_align=\u00a0\u00bbleft\u00a0\u00bb class=\u00a0\u00bbmobileimage\u00a0\u00bb overlay_strength=\u00a0\u00bb0.3&Prime; shape_divider_position=\u00a0\u00bbbottom\u00a0\u00bb bg_image_animation=\u00a0\u00bbnone\u00a0\u00bb shape_type=\u00a0\u00bb\u00a0\u00bb][vc_column column_padding=\u00a0\u00bbno-extra-padding\u00a0\u00bb column_padding_position=\u00a0\u00bball\u00a0\u00bb background_color_opacity=\u00a0\u00bb1&Prime; background_hover_color_opacity=\u00a0\u00bb1&Prime; column_link_target=\u00a0\u00bb_self\u00a0\u00bb column_shadow=\u00a0\u00bbnone\u00a0\u00bb column_border_radius=\u00a0\u00bbnone\u00a0\u00bb width=\u00a0\u00bb1\/1&Prime; tablet_width_inherit=\u00a0\u00bbdefault\u00a0\u00bb tablet_text_alignment=\u00a0\u00bbdefault\u00a0\u00bb phone_text_alignment=\u00a0\u00bbdefault\u00a0\u00bb column_border_width=\u00a0\u00bbnone\u00a0\u00bb column_border_style=\u00a0\u00bbsolid\u00a0\u00bb bg_image_animation=\u00a0\u00bbnone\u00a0\u00bb][image_with_animation image_url=\u00a0\u00bb6583&Prime; alignment=\u00a0\u00bb\u00a0\u00bb animation=\u00a0\u00bbFade In\u00a0\u00bb&#8230;<\/p>\n","protected":false},"author":8,"featured_media":0,"parent":0,"menu_order":13,"comment_status":"closed","ping_status":"closed","template":"","meta":{"inline_featured_image":false,"footnotes":""},"class_list":["post-6627","page","type-page","status-publish"],"_links":{"self":[{"href":"https:\/\/optisoft.ch\/fr\/wp-json\/wp\/v2\/pages\/6627","targetHints":{"allow":["GET"]}}],"collection":[{"href":"https:\/\/optisoft.ch\/fr\/wp-json\/wp\/v2\/pages"}],"about":[{"href":"https:\/\/optisoft.ch\/fr\/wp-json\/wp\/v2\/types\/page"}],"author":[{"embeddable":true,"href":"https:\/\/optisoft.ch\/fr\/wp-json\/wp\/v2\/users\/8"}],"replies":[{"embeddable":true,"href":"https:\/\/optisoft.ch\/fr\/wp-json\/wp\/v2\/comments?post=6627"}],"version-history":[{"count":5,"href":"https:\/\/optisoft.ch\/fr\/wp-json\/wp\/v2\/pages\/6627\/revisions"}],"predecessor-version":[{"id":7091,"href":"https:\/\/optisoft.ch\/fr\/wp-json\/wp\/v2\/pages\/6627\/revisions\/7091"}],"wp:attachment":[{"href":"https:\/\/optisoft.ch\/fr\/wp-json\/wp\/v2\/media?parent=6627"}],"curies":[{"name":"wp","href":"https:\/\/api.w.org\/{rel}","templated":true}]}}